{"id":8759,"date":"2024-08-17T14:34:01","date_gmt":"2024-08-17T20:34:01","guid":{"rendered":"https:\/\/climats.mx\/?post_type=product&#038;p=8759"},"modified":"2024-10-22T15:43:46","modified_gmt":"2024-10-22T21:43:46","slug":"festival-climats-completo-miercoles-23-jueves-24-de-octubre-2024","status":"publish","type":"product","link":"https:\/\/climats.mx\/en\/producto\/festival-climats-completo-miercoles-23-jueves-24-de-octubre-2024\/","title":{"rendered":"Festival Climats Completo Mi\u00e9rcoles 23 &#038; Jueves 24 de Octubre 2024"},"content":{"rendered":"\t\t<div data-elementor-type=\"product-post\" data-elementor-id=\"8759\" class=\"elementor elementor-8759\" data-elementor-post-type=\"product\">\n\t\t\t\t\t\t<section class=\"elementor-section elementor-top-section elementor-element elementor-element-47b27437 elementor-section-boxed elementor-section-height-default elementor-section-height-default\" data-id=\"47b27437\" data-element_type=\"section\">\n\t\t\t\t\t\t<div class=\"elementor-container elementor-column-gap-default\">\n\t\t\t\t\t<div class=\"elementor-column elementor-col-100 elementor-top-column elementor-element elementor-element-35783db1\" data-id=\"35783db1\" data-element_type=\"column\">\n\t\t\t<div class=\"elementor-widget-wrap elementor-element-populated\">\n\t\t\t\t\t\t<div class=\"elementor-element elementor-element-71c5c7ef elementor-widget elementor-widget-text-editor\" data-id=\"71c5c7ef\" data-element_type=\"widget\" data-widget_type=\"text-editor.default\">\n\t\t\t\t<div class=\"elementor-widget-container\">\n\t\t\t\t\t\t\t\t\t<p><strong>Fecha:<\/strong> El \u201cEvento Petit\u201d el Mi\u00e9rcoles 23 de Octubre y el Evento Principal el Jueves 24 de Octubre<\/p>\n<p>Early bird: 4,125 MXN en cambio de 5,500 MXN hasta el 23 Septiembre<\/p>\n<p>El evento principal es una oportunidad \u00fanica de probar la mayor\u00eda de los vinos de nuestro portafolio y de interactuar con los propietarios de las bodegas presentes.<\/p>\n<p>El evento Petit es un momento privilegiado con los productores en petit comite (50 personas) y la posibilidad de probar vinos exclusivos tra\u00eddos en la maleta por los productores (cuv\u00e9es especiales, a\u00f1adas especiales, diferentes a las que tenemos disponibles en Climats).<\/p>\n<p>Para participar al Evento Petit, tienes que participar tambien al evento principal.<\/p>\n<p>Evento Petit: Mi\u00e9rcoles 23 de Octubre 7-9h30 PM &#8211; (lugar secreto en la Roma)<\/p>\n<p>Evento Principal: Jueves 24 de Octubre 6-9h30 PM &#8211; Bodega Climats<\/p>\n<p><\/p>\n<p><\/p>\n<p><\/p>\n<p><\/p>\t\t\t\t\t\t\t\t<\/div>\n\t\t\t\t<\/div>\n\t\t\t\t\t<\/div>\n\t\t<\/div>\n\t\t\t\t\t<\/div>\n\t\t<\/section>\n\t\t\t\t<\/div>\n\t\t","protected":false},"excerpt":{"rendered":"<p>Fecha: El \u201cEvento Petit\u201d el Mi\u00e9rcoles 23 de Octubre y el Evento Principal el Jueves 24 de Octubre Early bird: 4,125 MXN en cambio de 5,500 MXN hasta el 23 Septiembre El evento principal es una oportunidad \u00fanica de probar la mayor\u00eda de los vinos de nuestro portafolio y de interactuar con los propietarios de [&hellip;]<\/p>\n","protected":false},"featured_media":0,"template":"","meta":[],"product_brand":[],"product_cat":[136],"product_tag":[],"class_list":{"0":"post-8759","1":"product","2":"type-product","3":"status-publish","5":"product_cat-vinos","7":"first","8":"instock","9":"featured","10":"virtual","11":"purchasable","12":"product-type-simple"},"_links":{"self":[{"href":"https:\/\/climats.mx\/en\/wp-json\/wp\/v2\/product\/8759","targetHints":{"allow":["GET"]}}],"collection":[{"href":"https:\/\/climats.mx\/en\/wp-json\/wp\/v2\/product"}],"about":[{"href":"https:\/\/climats.mx\/en\/wp-json\/wp\/v2\/types\/product"}],"version-history":[{"count":8,"href":"https:\/\/climats.mx\/en\/wp-json\/wp\/v2\/product\/8759\/revisions"}],"predecessor-version":[{"id":9130,"href":"https:\/\/climats.mx\/en\/wp-json\/wp\/v2\/product\/8759\/revisions\/9130"}],"wp:attachment":[{"href":"https:\/\/climats.mx\/en\/wp-json\/wp\/v2\/media?parent=8759"}],"wp:term":[{"taxonomy":"product_brand","embeddable":true,"href":"https:\/\/climats.mx\/en\/wp-json\/wp\/v2\/product_brand?post=8759"},{"taxonomy":"product_cat","embeddable":true,"href":"https:\/\/climats.mx\/en\/wp-json\/wp\/v2\/product_cat?post=8759"},{"taxonomy":"product_tag","embeddable":true,"href":"https:\/\/climats.mx\/en\/wp-json\/wp\/v2\/product_tag?post=8759"}],"curies":[{"name":"wp","href":"https:\/\/api.w.org\/{rel}","templated":true}]}}