{"id":15469,"date":"2026-04-10T13:44:52","date_gmt":"2026-04-10T19:44:52","guid":{"rendered":"https:\/\/climats.mx\/?post_type=product&#038;p=15469"},"modified":"2026-04-10T14:02:23","modified_gmt":"2026-04-10T20:02:23","slug":"cena-maridaje-dumol-winery-x-federico-patino-30-04-26","status":"publish","type":"product","link":"https:\/\/climats.mx\/en\/producto\/cena-maridaje-dumol-winery-x-federico-patino-30-04-26\/","title":{"rendered":"Cena Maridaje: DuMol Winery x Federico Pati\u00f1o 30\/04\/26"},"content":{"rendered":"","protected":false},"excerpt":{"rendered":"<p>La Table presenta una experiencia exclusiva con la bodega DuMol Winery y el chef Federico Pati\u00f1o.<br \/>\nUna cena maridaje con un men\u00fa que reinterpreta cl\u00e1sicos de la cocina estadounidense desde una mirada gastron\u00f3mica contempor\u00e1nea, acompa\u00f1ado por Chardonnay y Pinot Noir de una de las bodegas m\u00e1s reconocidas de California.<br \/>\nCupo limitado.<\/p>\n","protected":false},"featured_media":15439,"template":"","meta":[],"product_brand":[],"product_cat":[],"product_tag":[509,510],"class_list":{"0":"post-15469","1":"product","2":"type-product","3":"status-publish","4":"has-post-thumbnail","6":"product_tag-boleto","7":"product_tag-cena-maridaje","9":"first","10":"instock","11":"virtual","12":"purchasable","13":"product-type-simple"},"_links":{"self":[{"href":"https:\/\/climats.mx\/en\/wp-json\/wp\/v2\/product\/15469","targetHints":{"allow":["GET"]}}],"collection":[{"href":"https:\/\/climats.mx\/en\/wp-json\/wp\/v2\/product"}],"about":[{"href":"https:\/\/climats.mx\/en\/wp-json\/wp\/v2\/types\/product"}],"version-history":[{"count":2,"href":"https:\/\/climats.mx\/en\/wp-json\/wp\/v2\/product\/15469\/revisions"}],"predecessor-version":[{"id":15471,"href":"https:\/\/climats.mx\/en\/wp-json\/wp\/v2\/product\/15469\/revisions\/15471"}],"wp:featuredmedia":[{"embeddable":true,"href":"https:\/\/climats.mx\/en\/wp-json\/wp\/v2\/media\/15439"}],"wp:attachment":[{"href":"https:\/\/climats.mx\/en\/wp-json\/wp\/v2\/media?parent=15469"}],"wp:term":[{"taxonomy":"product_brand","embeddable":true,"href":"https:\/\/climats.mx\/en\/wp-json\/wp\/v2\/product_brand?post=15469"},{"taxonomy":"product_cat","embeddable":true,"href":"https:\/\/climats.mx\/en\/wp-json\/wp\/v2\/product_cat?post=15469"},{"taxonomy":"product_tag","embeddable":true,"href":"https:\/\/climats.mx\/en\/wp-json\/wp\/v2\/product_tag?post=15469"}],"curies":[{"name":"wp","href":"https:\/\/api.w.org\/{rel}","templated":true}]}}