{"id":14614,"date":"2026-02-24T10:56:11","date_gmt":"2026-02-24T16:56:11","guid":{"rendered":"https:\/\/climats.mx\/?post_type=product&#038;p=14614"},"modified":"2026-04-15T09:40:50","modified_gmt":"2026-04-15T15:40:50","slug":"cena-maridaje-freddy-monteros-en-la-table-15-04-26","status":"publish","type":"product","link":"https:\/\/climats.mx\/en\/producto\/cena-maridaje-freddy-monteros-en-la-table-15-04-26\/","title":{"rendered":"Cena Maridaje: Freddy Monteros en La Table 15\/04\/26"},"content":{"rendered":"","protected":false},"excerpt":{"rendered":"<p>La Table presenta una cena maridaje de primavera con el chef Freddy Monteros, fundador de Erizo de Mar.<br \/>\nAcomp\u00e1\u00f1anos en una velada \u00edntima dedicada a los sabores del mar y a una selecci\u00f3n de vinos pensada para acompa\u00f1ar su frescura y su textura.<br \/>\nEsta cena maridaje une la cocina precisa de Freddy Monteros, centrada en mariscos de temporada y producto de mares mexicanos, con blancos, rosados, tintos ligeros y burbujas elegidos para cada tiempo.<br \/>\nNuestro sommelier compartir\u00e1 la historia detr\u00e1s de cada etiqueta y el criterio de su selecci\u00f3n, mientras que, desde la cocina abierta, el chef Freddy conversar\u00e1 con los comensales para explicar el origen de sus insumos y las decisiones detr\u00e1s de cada plato.<br \/>\nCupo limitado.<\/p>\n","protected":false},"featured_media":14574,"template":"","meta":[],"product_brand":[],"product_cat":[],"product_tag":[509,510],"class_list":{"0":"post-14614","1":"product","2":"type-product","3":"status-publish","4":"has-post-thumbnail","6":"product_tag-boleto","7":"product_tag-cena-maridaje","9":"first","10":"outofstock","11":"virtual","12":"purchasable","13":"product-type-simple"},"_links":{"self":[{"href":"https:\/\/climats.mx\/en\/wp-json\/wp\/v2\/product\/14614","targetHints":{"allow":["GET"]}}],"collection":[{"href":"https:\/\/climats.mx\/en\/wp-json\/wp\/v2\/product"}],"about":[{"href":"https:\/\/climats.mx\/en\/wp-json\/wp\/v2\/types\/product"}],"version-history":[{"count":1,"href":"https:\/\/climats.mx\/en\/wp-json\/wp\/v2\/product\/14614\/revisions"}],"predecessor-version":[{"id":14615,"href":"https:\/\/climats.mx\/en\/wp-json\/wp\/v2\/product\/14614\/revisions\/14615"}],"wp:featuredmedia":[{"embeddable":true,"href":"https:\/\/climats.mx\/en\/wp-json\/wp\/v2\/media\/14574"}],"wp:attachment":[{"href":"https:\/\/climats.mx\/en\/wp-json\/wp\/v2\/media?parent=14614"}],"wp:term":[{"taxonomy":"product_brand","embeddable":true,"href":"https:\/\/climats.mx\/en\/wp-json\/wp\/v2\/product_brand?post=14614"},{"taxonomy":"product_cat","embeddable":true,"href":"https:\/\/climats.mx\/en\/wp-json\/wp\/v2\/product_cat?post=14614"},{"taxonomy":"product_tag","embeddable":true,"href":"https:\/\/climats.mx\/en\/wp-json\/wp\/v2\/product_tag?post=14614"}],"curies":[{"name":"wp","href":"https:\/\/api.w.org\/{rel}","templated":true}]}}