{"id":14551,"date":"2026-02-23T14:47:53","date_gmt":"2026-02-23T20:47:53","guid":{"rendered":"https:\/\/climats.mx\/?post_type=product&#038;p=14551"},"modified":"2026-02-23T16:13:34","modified_gmt":"2026-02-23T22:13:34","slug":"cena-maridaje-domaine-jean-louis-chave-x-sean-grundey-11-03-26","status":"publish","type":"product","link":"https:\/\/climats.mx\/en\/producto\/cena-maridaje-domaine-jean-louis-chave-x-sean-grundey-11-03-26\/","title":{"rendered":"Cena Maridaje: Domaine Jean-Louis Chave x Sean Grundey 11\/03\/26"},"content":{"rendered":"","protected":false},"excerpt":{"rendered":"<p>La Table presenta una cena maridaje excepcional con Domaine Jean-Louis Chave y el chef Sean Grundey.<br \/>\n<span data-path-to-node=\"4,1\"><span class=\"citation-1071\">Acomp\u00e1\u00f1anos en una velada \u00edntima dedicada a desmenuzar la filosof\u00eda de una de las estirpes m\u00e1s respetadas del R\u00f3dano<\/span><\/span><span data-path-to-node=\"4,3\">. <\/span><span data-path-to-node=\"4,5\"><span class=\"citation-1070\">Esta cena maridaje excepcional vincula la maestr\u00eda del <\/span><span class=\"citation-1070\">Chef Sean Grundey<\/span><span class=\"citation-1070\"> con la pureza y estructura de las cuv\u00e9es emblem\u00e1ticas del Domaine Jean-Louis Chave<\/span><\/span><br \/>\nNuestro sommelier compartir\u00e1 la historia y filosof\u00eda detr\u00e1s de cada etiqueta, en un formato de di\u00e1logo, detalle y placer sensorial.<br \/>\nCupo limitado.<\/p>\n","protected":false},"featured_media":14568,"template":"","meta":[],"product_brand":[],"product_cat":[],"product_tag":[509,510],"class_list":{"0":"post-14551","1":"product","2":"type-product","3":"status-publish","4":"has-post-thumbnail","6":"product_tag-boleto","7":"product_tag-cena-maridaje","9":"first","10":"instock","11":"virtual","12":"purchasable","13":"product-type-simple"},"_links":{"self":[{"href":"https:\/\/climats.mx\/en\/wp-json\/wp\/v2\/product\/14551","targetHints":{"allow":["GET"]}}],"collection":[{"href":"https:\/\/climats.mx\/en\/wp-json\/wp\/v2\/product"}],"about":[{"href":"https:\/\/climats.mx\/en\/wp-json\/wp\/v2\/types\/product"}],"version-history":[{"count":1,"href":"https:\/\/climats.mx\/en\/wp-json\/wp\/v2\/product\/14551\/revisions"}],"predecessor-version":[{"id":14552,"href":"https:\/\/climats.mx\/en\/wp-json\/wp\/v2\/product\/14551\/revisions\/14552"}],"wp:featuredmedia":[{"embeddable":true,"href":"https:\/\/climats.mx\/en\/wp-json\/wp\/v2\/media\/14568"}],"wp:attachment":[{"href":"https:\/\/climats.mx\/en\/wp-json\/wp\/v2\/media?parent=14551"}],"wp:term":[{"taxonomy":"product_brand","embeddable":true,"href":"https:\/\/climats.mx\/en\/wp-json\/wp\/v2\/product_brand?post=14551"},{"taxonomy":"product_cat","embeddable":true,"href":"https:\/\/climats.mx\/en\/wp-json\/wp\/v2\/product_cat?post=14551"},{"taxonomy":"product_tag","embeddable":true,"href":"https:\/\/climats.mx\/en\/wp-json\/wp\/v2\/product_tag?post=14551"}],"curies":[{"name":"wp","href":"https:\/\/api.w.org\/{rel}","templated":true}]}}