{"id":13871,"date":"2025-11-24T09:26:54","date_gmt":"2025-11-24T15:26:54","guid":{"rendered":"https:\/\/climats.mx\/?post_type=product&#038;p=13871"},"modified":"2026-01-26T14:16:32","modified_gmt":"2026-01-26T20:16:32","slug":"festival-2026-evento-petit","status":"publish","type":"product","link":"https:\/\/climats.mx\/en\/producto\/festival-2026-evento-petit\/","title":{"rendered":"Festival 2026 Evento Petit 13\/01"},"content":{"rendered":"","protected":false},"excerpt":{"rendered":"<p>Una experiencia \u00edntima dedicada a vinos excepcionales tra\u00eddos en la maleta por los productores.<br \/>\nPueden ser a\u00f1adas viejas o especiales, una cuv\u00e9e que hicieron una sola vez y que quieran compartir. Son vinos que ni siquiera nosotros tenemos disponibles en M\u00e9xico y que solo se pueden tomar esa noche.<br \/>\nUn espacio secreto, dise\u00f1ado para quienes buscan vivir el vino a fundo y con cercan\u00eda a sus productores.<br \/>\nEl lugar es en la Roma Sur revelado unos d\u00edas antes del evento.<br \/>\nSolo 50 lugares.<\/p>\n<p>Martes 13 de enero &#8211; 19:00 &#8211; 21:30<\/p>\n","protected":false},"featured_media":13879,"template":"","meta":[],"product_brand":[],"product_cat":[],"product_tag":[509,511,512],"class_list":{"0":"post-13871","1":"product","2":"type-product","3":"status-publish","4":"has-post-thumbnail","6":"product_tag-boleto","7":"product_tag-festival","8":"product_tag-petit","10":"first","11":"outofstock","12":"virtual","13":"purchasable","14":"product-type-simple"},"_links":{"self":[{"href":"https:\/\/climats.mx\/en\/wp-json\/wp\/v2\/product\/13871","targetHints":{"allow":["GET"]}}],"collection":[{"href":"https:\/\/climats.mx\/en\/wp-json\/wp\/v2\/product"}],"about":[{"href":"https:\/\/climats.mx\/en\/wp-json\/wp\/v2\/types\/product"}],"version-history":[{"count":2,"href":"https:\/\/climats.mx\/en\/wp-json\/wp\/v2\/product\/13871\/revisions"}],"predecessor-version":[{"id":13876,"href":"https:\/\/climats.mx\/en\/wp-json\/wp\/v2\/product\/13871\/revisions\/13876"}],"wp:featuredmedia":[{"embeddable":true,"href":"https:\/\/climats.mx\/en\/wp-json\/wp\/v2\/media\/13879"}],"wp:attachment":[{"href":"https:\/\/climats.mx\/en\/wp-json\/wp\/v2\/media?parent=13871"}],"wp:term":[{"taxonomy":"product_brand","embeddable":true,"href":"https:\/\/climats.mx\/en\/wp-json\/wp\/v2\/product_brand?post=13871"},{"taxonomy":"product_cat","embeddable":true,"href":"https:\/\/climats.mx\/en\/wp-json\/wp\/v2\/product_cat?post=13871"},{"taxonomy":"product_tag","embeddable":true,"href":"https:\/\/climats.mx\/en\/wp-json\/wp\/v2\/product_tag?post=13871"}],"curies":[{"name":"wp","href":"https:\/\/api.w.org\/{rel}","templated":true}]}}