{"id":13671,"date":"2025-10-13T14:07:58","date_gmt":"2025-10-13T20:07:58","guid":{"rendered":"https:\/\/climats.mx\/?post_type=product&#038;p=13671"},"modified":"2025-11-24T09:52:17","modified_gmt":"2025-11-24T15:52:17","slug":"cata-vertical-castello-di-monsanto-x-marco-carboni-13-11-25","status":"publish","type":"product","link":"https:\/\/climats.mx\/en\/producto\/cata-vertical-castello-di-monsanto-x-marco-carboni-13-11-25\/","title":{"rendered":"Cata Vertical: Castello Di Monsanto x Marco Carboni 13\/11\/25"},"content":{"rendered":"","protected":false},"excerpt":{"rendered":"<p>La Table presenta una experiencia exclusiva con la bodega Castello di Monsanto y el chef Marco Carboni.<br \/>\nUna cena \u00edntima dedicada a la cata vertical de Il Poggio, uno de los grandes vinos del Chianti Classico, con la presencia del director de la bodega, quien compartir\u00e1 la historia y evoluci\u00f3n de cada a\u00f1ada.<br \/>\nEl chef Carboni, creador de Sartoria, Madonna y otros proyectos reconocidos en la Ciudad de M\u00e9xico, ha dise\u00f1ado un men\u00fa inspirado en la elegancia y complejidad de Il Poggio.<br \/>\nCupo limitado.<\/p>\n","protected":false},"featured_media":13751,"template":"","meta":[],"product_brand":[],"product_cat":[],"product_tag":[509,510],"class_list":{"0":"post-13671","1":"product","2":"type-product","3":"status-publish","4":"has-post-thumbnail","6":"product_tag-boleto","7":"product_tag-cena-maridaje","9":"first","10":"outofstock","11":"virtual","12":"purchasable","13":"product-type-simple"},"_links":{"self":[{"href":"https:\/\/climats.mx\/en\/wp-json\/wp\/v2\/product\/13671","targetHints":{"allow":["GET"]}}],"collection":[{"href":"https:\/\/climats.mx\/en\/wp-json\/wp\/v2\/product"}],"about":[{"href":"https:\/\/climats.mx\/en\/wp-json\/wp\/v2\/types\/product"}],"version-history":[{"count":1,"href":"https:\/\/climats.mx\/en\/wp-json\/wp\/v2\/product\/13671\/revisions"}],"predecessor-version":[{"id":13672,"href":"https:\/\/climats.mx\/en\/wp-json\/wp\/v2\/product\/13671\/revisions\/13672"}],"wp:featuredmedia":[{"embeddable":true,"href":"https:\/\/climats.mx\/en\/wp-json\/wp\/v2\/media\/13751"}],"wp:attachment":[{"href":"https:\/\/climats.mx\/en\/wp-json\/wp\/v2\/media?parent=13671"}],"wp:term":[{"taxonomy":"product_brand","embeddable":true,"href":"https:\/\/climats.mx\/en\/wp-json\/wp\/v2\/product_brand?post=13671"},{"taxonomy":"product_cat","embeddable":true,"href":"https:\/\/climats.mx\/en\/wp-json\/wp\/v2\/product_cat?post=13671"},{"taxonomy":"product_tag","embeddable":true,"href":"https:\/\/climats.mx\/en\/wp-json\/wp\/v2\/product_tag?post=13671"}],"curies":[{"name":"wp","href":"https:\/\/api.w.org\/{rel}","templated":true}]}}