{"id":13659,"date":"2025-10-13T13:59:47","date_gmt":"2025-10-13T19:59:47","guid":{"rendered":"https:\/\/climats.mx\/?post_type=product&#038;p=13659"},"modified":"2025-11-24T09:52:25","modified_gmt":"2025-11-24T15:52:25","slug":"boleto-cena-henri-giraud-edgar-nunez-12-11-25","status":"publish","type":"product","link":"https:\/\/climats.mx\/en\/producto\/boleto-cena-henri-giraud-edgar-nunez-12-11-25\/","title":{"rendered":"Cena Maridaje: Champagne Henri Giraud x Edgar N\u00fa\u00f1ez 12\/11\/25"},"content":{"rendered":"","protected":false},"excerpt":{"rendered":"<p>La Table presenta una cena maridaje excepcional con Champagne Henri Giraud y el chef Edgar N\u00fa\u00f1ez.<br \/>\nUna velada \u00edntima en la que podr\u00e1s degustar varias cuv\u00e9es emblem\u00e1ticas de la maison de A\u00ff, maridadas con un men\u00fa creado especialmente por uno de los chefs m\u00e1s reconocidos de M\u00e9xico.<br \/>\nEl representante de la bodega compartir\u00e1 la historia y filosof\u00eda detr\u00e1s de cada champagne, en un formato de di\u00e1logo, detalle y placer sensorial.<br \/>\nCupo limitado.<\/p>\n","protected":false},"featured_media":13757,"template":"","meta":[],"product_brand":[],"product_cat":[],"product_tag":[509,510],"class_list":{"0":"post-13659","1":"product","2":"type-product","3":"status-publish","4":"has-post-thumbnail","6":"product_tag-boleto","7":"product_tag-cena-maridaje","9":"first","10":"outofstock","11":"virtual","12":"purchasable","13":"product-type-simple"},"_links":{"self":[{"href":"https:\/\/climats.mx\/en\/wp-json\/wp\/v2\/product\/13659","targetHints":{"allow":["GET"]}}],"collection":[{"href":"https:\/\/climats.mx\/en\/wp-json\/wp\/v2\/product"}],"about":[{"href":"https:\/\/climats.mx\/en\/wp-json\/wp\/v2\/types\/product"}],"version-history":[{"count":4,"href":"https:\/\/climats.mx\/en\/wp-json\/wp\/v2\/product\/13659\/revisions"}],"predecessor-version":[{"id":13667,"href":"https:\/\/climats.mx\/en\/wp-json\/wp\/v2\/product\/13659\/revisions\/13667"}],"wp:featuredmedia":[{"embeddable":true,"href":"https:\/\/climats.mx\/en\/wp-json\/wp\/v2\/media\/13757"}],"wp:attachment":[{"href":"https:\/\/climats.mx\/en\/wp-json\/wp\/v2\/media?parent=13659"}],"wp:term":[{"taxonomy":"product_brand","embeddable":true,"href":"https:\/\/climats.mx\/en\/wp-json\/wp\/v2\/product_brand?post=13659"},{"taxonomy":"product_cat","embeddable":true,"href":"https:\/\/climats.mx\/en\/wp-json\/wp\/v2\/product_cat?post=13659"},{"taxonomy":"product_tag","embeddable":true,"href":"https:\/\/climats.mx\/en\/wp-json\/wp\/v2\/product_tag?post=13659"}],"curies":[{"name":"wp","href":"https:\/\/api.w.org\/{rel}","templated":true}]}}