{"id":8005,"date":"2023-10-10T23:33:20","date_gmt":"2023-10-11T05:33:20","guid":{"rendered":"https:\/\/climats.mx\/producers\/cava-maciel\/"},"modified":"2024-01-29T13:25:28","modified_gmt":"2024-01-29T19:25:28","slug":"cava-maciel","status":"publish","type":"page","link":"https:\/\/climats.mx\/en\/producers\/cava-maciel\/","title":{"rendered":"Cava Maciel"},"content":{"rendered":"\t\t<div data-elementor-type=\"wp-page\" data-elementor-id=\"8005\" class=\"elementor elementor-8005 elementor-876\" data-elementor-post-type=\"page\">\n\t\t\t\t\t\t<section class=\"elementor-section elementor-top-section elementor-element elementor-element-f9e5696 elementor-section-boxed elementor-section-height-default elementor-section-height-default\" data-id=\"f9e5696\" data-element_type=\"section\" data-settings=\"{&quot;background_background&quot;:&quot;classic&quot;}\">\n\t\t\t\t\t\t\t<div class=\"elementor-background-overlay\"><\/div>\n\t\t\t\t\t\t\t<div class=\"elementor-container elementor-column-gap-default\">\n\t\t\t\t\t<div class=\"elementor-column elementor-col-100 elementor-top-column elementor-element elementor-element-26211536\" data-id=\"26211536\" data-element_type=\"column\">\n\t\t\t<div class=\"elementor-widget-wrap elementor-element-populated\">\n\t\t\t\t\t\t<div class=\"elementor-element elementor-element-281fb6cc elementor-widget elementor-widget-heading\" data-id=\"281fb6cc\" data-element_type=\"widget\" data-widget_type=\"heading.default\">\n\t\t\t\t<div class=\"elementor-widget-container\">\n\t\t\t\t\t<h1 class=\"elementor-heading-title elementor-size-default\">Producers<\/h1>\t\t\t\t<\/div>\n\t\t\t\t<\/div>\n\t\t\t\t\t<\/div>\n\t\t<\/div>\n\t\t\t\t\t<\/div>\n\t\t<\/section>\n\t\t\t\t<section class=\"elementor-section elementor-top-section elementor-element elementor-element-fa90d1a elementor-section-boxed elementor-section-height-default elementor-section-height-default\" data-id=\"fa90d1a\" data-element_type=\"section\">\n\t\t\t\t\t\t<div class=\"elementor-container elementor-column-gap-default\">\n\t\t\t\t\t<div class=\"elementor-column elementor-col-50 elementor-top-column elementor-element elementor-element-9278e68\" data-id=\"9278e68\" data-element_type=\"column\">\n\t\t\t<div class=\"elementor-widget-wrap elementor-element-populated\">\n\t\t\t\t\t\t<div class=\"elementor-element elementor-element-e78b5bc elementor-widget elementor-widget-image\" data-id=\"e78b5bc\" data-element_type=\"widget\" data-widget_type=\"image.default\">\n\t\t\t\t<div class=\"elementor-widget-container\">\n\t\t\t\t\t\t\t\t\t\t\t\t\t\t\t\t<a href=\"https:\/\/climats.mx\/wp-content\/uploads\/2023\/10\/Cava-Maciel_opt.webp\" data-elementor-open-lightbox=\"yes\" data-elementor-lightbox-title=\"Cava Maciel_opt\" data-e-action-hash=\"#elementor-action%3Aaction%3Dlightbox%26settings%3DeyJpZCI6MTI4OSwidXJsIjoiaHR0cHM6XC9cL2NsaW1hdHMubXhcL3dwLWNvbnRlbnRcL3VwbG9hZHNcLzIwMjNcLzEwXC9DYXZhLU1hY2llbF9vcHQud2VicCJ9\">\n\t\t\t\t\t\t\t<img fetchpriority=\"high\" decoding=\"async\" width=\"650\" height=\"450\" src=\"https:\/\/climats.mx\/wp-content\/uploads\/2023\/10\/Cava-Maciel_opt.webp\" class=\"attachment-full size-full wp-image-1289\" alt=\"\" srcset=\"https:\/\/climats.mx\/wp-content\/uploads\/2023\/10\/Cava-Maciel_opt.webp 650w, https:\/\/climats.mx\/wp-content\/uploads\/2023\/10\/Cava-Maciel_opt-300x208.webp 300w, https:\/\/climats.mx\/wp-content\/uploads\/2023\/10\/Cava-Maciel_opt-600x415.webp 600w\" sizes=\"(max-width: 650px) 100vw, 650px\" \/>\t\t\t\t\t\t\t\t<\/a>\n\t\t\t\t\t\t\t\t\t\t\t\t\t\t\t<\/div>\n\t\t\t\t<\/div>\n\t\t\t\t\t<\/div>\n\t\t<\/div>\n\t\t\t\t<div class=\"elementor-column elementor-col-50 elementor-top-column elementor-element elementor-element-ac5a42d\" data-id=\"ac5a42d\" data-element_type=\"column\">\n\t\t\t<div class=\"elementor-widget-wrap elementor-element-populated\">\n\t\t\t\t\t\t<div class=\"elementor-element elementor-element-e871d61 elementor-widget elementor-widget-text-editor\" data-id=\"e871d61\" data-element_type=\"widget\" data-widget_type=\"text-editor.default\">\n\t\t\t\t<div class=\"elementor-widget-container\">\n\t\t\t\t\t\t\t\t\t<h5><span style=\"color: #732231;\">Cava Maciel<\/span><\/h5>\n<p>The Rubio family is from Tijuana. The parents, Francisco and Sof\u00eda, acquired a ranch in El Porvenir in 2002 to spend family time together on weekends.<\/p>\n<p>They planted vines starting in 2006, and in the first few years, they sold the grapes. When their distant cousin, Alberto Rubio, who lived in the Valley, a winemaker and producer of Mogor Badan wines and a disciple of Hugo d&#8217;Acosta&#8217;s school, visited them, he was impressed by the care of the vineyard.<\/p>\n<p>So he convinced Francisco Rubio to stop selling the grapes and start producing wine, beginning the adventure with the construction of the winery. Today, Francisco&#8217;s son manages the winery, his brother Alex is a chef and takes care of the restaurant, and his sister Jessica oversees the administrative side.<\/p>\n<p>They produce wines from their vineyard, which has loamy and clay soils, and they use natural water from the local mountains.<\/p>\n\t\t\t\t\t\t\t\t<\/div>\n\t\t\t\t<\/div>\n\t\t\t\t\t<\/div>\n\t\t<\/div>\n\t\t\t\t\t<\/div>\n\t\t<\/section>\n\t\t\t\t<section class=\"elementor-section elementor-top-section elementor-element elementor-element-9165626 elementor-reverse-mobile elementor-section-boxed elementor-section-height-default elementor-section-height-default\" data-id=\"9165626\" data-element_type=\"section\">\n\t\t\t\t\t\t<div class=\"elementor-container elementor-column-gap-default\">\n\t\t\t\t\t<div class=\"elementor-column elementor-col-66 elementor-top-column elementor-element elementor-element-1c5cd1f\" data-id=\"1c5cd1f\" data-element_type=\"column\">\n\t\t\t<div class=\"elementor-widget-wrap elementor-element-populated\">\n\t\t\t\t\t\t<div class=\"elementor-element elementor-element-212c809 elementor-widget elementor-widget-text-editor\" data-id=\"212c809\" data-element_type=\"widget\" data-widget_type=\"text-editor.default\">\n\t\t\t\t<div class=\"elementor-widget-container\">\n\t\t\t\t\t\t\t\t\t<h5><span style=\"color: #732231;\">M\u00e9xico<\/span><\/h5>\n<p>Viticulture in Mexico has historical roots dating back to the time of the Jesuit missionaries, who planted vines in missions to produce sacramental wines, with the &#8220;Misi\u00f3n&#8221; grape being the original variety. Hern\u00e1n Cort\u00e9s also played an important role by planting a thousand hectares of vines in Coahuila, where the climate and water availability were ideal for cultivation.<\/p>\n<p>At the end of the 16th century, wines from &#8220;Nueva Espa\u00f1a&#8221; challenged Spanish wines, leading King Philip II to order the destruction of vineyards, except those belonging to monasteries. After independence, Mexicans began planting vines and producing wines again. The arrival of Italian immigrants, such as \u00c1ngel Cetto and Vittorio Giaginto Bortoluz, revived the wine industry in Mexico.<\/p>\n<p>Currently, Mexican viticulture is experiencing a boom with increasing interest and consumption both domestically and among tourists. Wineries have focused on improving the quality of their wines, and young Mexicans are traveling abroad to train in winemaking techniques. The diverse Mexican gastronomy is driving the demand for quality wines, and a new generation of chefs and sommeliers promises a bright future for the wine industry in Mexico.<\/p>\n<p>Today, Mexico has approximately 7,000 hectares of vineyards spread across seven productive regions, including Baja California Norte, Chihuahua, Coahuila, Quer\u00e9taro, Guanajuato, Aguascalientes, and Zacatecas, producing around 65,000 liters of wine per year.<\/p>\n\t\t\t\t\t\t\t\t<\/div>\n\t\t\t\t<\/div>\n\t\t\t\t\t<\/div>\n\t\t<\/div>\n\t\t\t\t<div class=\"elementor-column elementor-col-33 elementor-top-column elementor-element elementor-element-3e19b28\" data-id=\"3e19b28\" data-element_type=\"column\">\n\t\t\t<div class=\"elementor-widget-wrap elementor-element-populated\">\n\t\t\t\t\t\t<div class=\"elementor-element elementor-element-2ac663f elementor-widget__width-initial elementor-widget elementor-widget-image\" data-id=\"2ac663f\" data-element_type=\"widget\" data-widget_type=\"image.default\">\n\t\t\t\t<div class=\"elementor-widget-container\">\n\t\t\t\t\t\t\t\t\t\t\t\t\t\t\t<img decoding=\"async\" width=\"520\" height=\"520\" src=\"https:\/\/climats.mx\/wp-content\/uploads\/2023\/10\/mexico_opt.webp\" class=\"attachment-full size-full wp-image-535\" alt=\"\" srcset=\"https:\/\/climats.mx\/wp-content\/uploads\/2023\/10\/mexico_opt.webp 520w, https:\/\/climats.mx\/wp-content\/uploads\/2023\/10\/mexico_opt-300x300.webp 300w, https:\/\/climats.mx\/wp-content\/uploads\/2023\/10\/mexico_opt-150x150.webp 150w, https:\/\/climats.mx\/wp-content\/uploads\/2023\/10\/mexico_opt-100x100.webp 100w\" sizes=\"(max-width: 520px) 100vw, 520px\" \/>\t\t\t\t\t\t\t\t\t\t\t\t\t\t\t<\/div>\n\t\t\t\t<\/div>\n\t\t\t\t\t<\/div>\n\t\t<\/div>\n\t\t\t\t\t<\/div>\n\t\t<\/section>\n\t\t\t\t<section class=\"elementor-section elementor-top-section elementor-element elementor-element-4fbe24a elementor-section-boxed elementor-section-height-default elementor-section-height-default\" data-id=\"4fbe24a\" data-element_type=\"section\" data-settings=\"{&quot;background_background&quot;:&quot;classic&quot;}\">\n\t\t\t\t\t\t<div class=\"elementor-container elementor-column-gap-default\">\n\t\t\t\t\t<div class=\"elementor-column elementor-col-100 elementor-top-column elementor-element elementor-element-c74bdfd\" data-id=\"c74bdfd\" data-element_type=\"column\">\n\t\t\t<div class=\"elementor-widget-wrap elementor-element-populated\">\n\t\t\t\t\t\t<div class=\"elementor-element elementor-element-fe757d6 elementor-widget elementor-widget-heading\" data-id=\"fe757d6\" data-element_type=\"widget\" data-widget_type=\"heading.default\">\n\t\t\t\t<div class=\"elementor-widget-container\">\n\t\t\t\t\t<div class=\"elementor-heading-title elementor-size-default\">Wines<\/div>\t\t\t\t<\/div>\n\t\t\t\t<\/div>\n\t\t\t\t<div class=\"elementor-element elementor-element-fd425ab elementor-product-loop-item--align-center elementor-widget__width-initial elementor-grid-4 elementor-grid-tablet-3 elementor-grid-mobile-2 elementor-products-grid elementor-wc-products elementor-widget elementor-widget-woocommerce-products\" data-id=\"fd425ab\" data-element_type=\"widget\" data-widget_type=\"woocommerce-products.default\">\n\t\t\t\t<div class=\"elementor-widget-container\">\n\t\t\t\t\t<div class=\"woocommerce columns-4 \"><ul class=\"products elementor-grid columns-4\">\n<li class=\"product type-product post-12045 status-publish first instock product_cat-vinos has-post-thumbnail purchasable product-type-simple\">\n\t<a href=\"https:\/\/climats.mx\/en\/producto\/pet-nat\/\" class=\"woocommerce-LoopProduct-link woocommerce-loop-product__link\"><img decoding=\"async\" width=\"300\" height=\"300\" src=\"https:\/\/climats.mx\/wp-content\/uploads\/2025\/06\/optOPT-PA\u00a8t-Nat_Cava-Maciel-300x300.webp\" class=\"attachment-woocommerce_thumbnail size-woocommerce_thumbnail\" alt=\"P\u00e8t Nat\" srcset=\"https:\/\/climats.mx\/wp-content\/uploads\/2025\/06\/optOPT-PA\u00a8t-Nat_Cava-Maciel-300x300.webp 300w, https:\/\/climats.mx\/wp-content\/uploads\/2025\/06\/optOPT-PA\u00a8t-Nat_Cava-Maciel-150x150.webp 150w, https:\/\/climats.mx\/wp-content\/uploads\/2025\/06\/optOPT-PA\u00a8t-Nat_Cava-Maciel-768x768.webp 768w, https:\/\/climats.mx\/wp-content\/uploads\/2025\/06\/optOPT-PA\u00a8t-Nat_Cava-Maciel-600x600.webp 600w, https:\/\/climats.mx\/wp-content\/uploads\/2025\/06\/optOPT-PA\u00a8t-Nat_Cava-Maciel-100x100.webp 100w, https:\/\/climats.mx\/wp-content\/uploads\/2025\/06\/optOPT-PA\u00a8t-Nat_Cava-Maciel.webp 1000w\" sizes=\"(max-width: 300px) 100vw, 300px\" \/><h2 class=\"woocommerce-loop-product__title\">P\u00e8t Nat<\/h2>\n\t<span class=\"price\"><span class=\"woocommerce-Price-amount amount\"><bdi><span class=\"woocommerce-Price-currencySymbol\">&#36;<\/span>680<\/bdi><\/span><\/span>\n<\/a><a href=\"\/en\/wp-json\/wp\/v2\/pages\/8005?add-to-cart=12045\" aria-describedby=\"woocommerce_loop_add_to_cart_link_describedby_12045\" data-quantity=\"1\" class=\"button product_type_simple add_to_cart_button ajax_add_to_cart\" data-product_id=\"12045\" data-product_sku=\"\" aria-label=\"Add to cart: &ldquo;P\u00e8t Nat&rdquo;\" rel=\"nofollow\" data-success_message=\"&ldquo;P\u00e8t Nat&rdquo; has been added to your cart\" role=\"button\">Add to cart<\/a>\t<span id=\"woocommerce_loop_add_to_cart_link_describedby_12045\" class=\"screen-reader-text\">\n\t\t\t<\/span>\n<\/li>\n<li class=\"product type-product post-3161 status-publish instock product_cat-vinos has-post-thumbnail purchasable product-type-simple\">\n\t<a href=\"https:\/\/climats.mx\/en\/producto\/alba-cabernet\/\" class=\"woocommerce-LoopProduct-link woocommerce-loop-product__link\"><img loading=\"lazy\" decoding=\"async\" width=\"300\" height=\"300\" src=\"https:\/\/climats.mx\/wp-content\/uploads\/2023\/10\/Cava-Maciel-Alba-300x300.webp\" class=\"attachment-woocommerce_thumbnail size-woocommerce_thumbnail\" alt=\"Alba Cabernet\" srcset=\"https:\/\/climats.mx\/wp-content\/uploads\/2023\/10\/Cava-Maciel-Alba-300x300.webp 300w, https:\/\/climats.mx\/wp-content\/uploads\/2023\/10\/Cava-Maciel-Alba-150x150.webp 150w, https:\/\/climats.mx\/wp-content\/uploads\/2023\/10\/Cava-Maciel-Alba-768x768.webp 768w, https:\/\/climats.mx\/wp-content\/uploads\/2023\/10\/Cava-Maciel-Alba-600x600.webp 600w, https:\/\/climats.mx\/wp-content\/uploads\/2023\/10\/Cava-Maciel-Alba-100x100.webp 100w, https:\/\/climats.mx\/wp-content\/uploads\/2023\/10\/Cava-Maciel-Alba.webp 1000w\" sizes=\"(max-width: 300px) 100vw, 300px\" \/><h2 class=\"woocommerce-loop-product__title\">Alba Cabernet<\/h2>\n\t<span class=\"price\"><span class=\"woocommerce-Price-amount amount\"><bdi><span class=\"woocommerce-Price-currencySymbol\">&#36;<\/span>650<\/bdi><\/span><\/span>\n<\/a><a href=\"\/en\/wp-json\/wp\/v2\/pages\/8005?add-to-cart=3161\" aria-describedby=\"woocommerce_loop_add_to_cart_link_describedby_3161\" data-quantity=\"1\" class=\"button product_type_simple add_to_cart_button ajax_add_to_cart\" data-product_id=\"3161\" data-product_sku=\"\" aria-label=\"Add to cart: &ldquo;Alba Cabernet&rdquo;\" rel=\"nofollow\" data-success_message=\"&ldquo;Alba Cabernet&rdquo; has been added to your cart\" role=\"button\">Add to cart<\/a>\t<span id=\"woocommerce_loop_add_to_cart_link_describedby_3161\" class=\"screen-reader-text\">\n\t\t\t<\/span>\n<\/li>\n<li class=\"product type-product post-3160 status-publish instock product_cat-vinos has-post-thumbnail purchasable product-type-simple\">\n\t<a href=\"https:\/\/climats.mx\/en\/producto\/vino-de-luna-chardonnay\/\" class=\"woocommerce-LoopProduct-link woocommerce-loop-product__link\"><img loading=\"lazy\" decoding=\"async\" width=\"300\" height=\"300\" src=\"https:\/\/climats.mx\/wp-content\/uploads\/2023\/10\/Cava-Maciel-Vino-de-Luna-300x300.webp\" class=\"attachment-woocommerce_thumbnail size-woocommerce_thumbnail\" alt=\"Vino de Luna Chardonnay\" srcset=\"https:\/\/climats.mx\/wp-content\/uploads\/2023\/10\/Cava-Maciel-Vino-de-Luna-300x300.webp 300w, https:\/\/climats.mx\/wp-content\/uploads\/2023\/10\/Cava-Maciel-Vino-de-Luna-150x150.webp 150w, https:\/\/climats.mx\/wp-content\/uploads\/2023\/10\/Cava-Maciel-Vino-de-Luna-768x768.webp 768w, https:\/\/climats.mx\/wp-content\/uploads\/2023\/10\/Cava-Maciel-Vino-de-Luna-600x600.webp 600w, https:\/\/climats.mx\/wp-content\/uploads\/2023\/10\/Cava-Maciel-Vino-de-Luna-100x100.webp 100w, https:\/\/climats.mx\/wp-content\/uploads\/2023\/10\/Cava-Maciel-Vino-de-Luna.webp 1000w\" sizes=\"(max-width: 300px) 100vw, 300px\" \/><h2 class=\"woocommerce-loop-product__title\">Vino de Luna Chardonnay<\/h2>\n\t<span class=\"price\"><span class=\"woocommerce-Price-amount amount\"><bdi><span class=\"woocommerce-Price-currencySymbol\">&#36;<\/span>500<\/bdi><\/span><\/span>\n<\/a><a href=\"\/en\/wp-json\/wp\/v2\/pages\/8005?add-to-cart=3160\" aria-describedby=\"woocommerce_loop_add_to_cart_link_describedby_3160\" data-quantity=\"1\" class=\"button product_type_simple add_to_cart_button ajax_add_to_cart\" data-product_id=\"3160\" data-product_sku=\"\" aria-label=\"Add to cart: &ldquo;Vino de Luna Chardonnay&rdquo;\" rel=\"nofollow\" data-success_message=\"&ldquo;Vino de Luna Chardonnay&rdquo; has been added to your cart\" role=\"button\">Add to cart<\/a>\t<span id=\"woocommerce_loop_add_to_cart_link_describedby_3160\" class=\"screen-reader-text\">\n\t\t\t<\/span>\n<\/li>\n<\/ul>\n<\/div>\t\t\t\t<\/div>\n\t\t\t\t<\/div>\n\t\t\t\t\t<\/div>\n\t\t<\/div>\n\t\t\t\t\t<\/div>\n\t\t<\/section>\n\t\t\t\t<\/div>\n\t\t","protected":false},"excerpt":{"rendered":"<p>Producers Cava Maciel The Rubio family is from Tijuana. The parents, Francisco and Sof\u00eda, acquired a ranch in El Porvenir in 2002 to spend family time together on weekends. They planted vines starting in 2006, and in the first few years, they sold the grapes. When their distant cousin, Alberto Rubio, who lived in the [&hellip;]<\/p>\n","protected":false},"author":2,"featured_media":0,"parent":6872,"menu_order":0,"comment_status":"closed","ping_status":"closed","template":"elementor_header_footer","meta":{"footnotes":""},"class_list":["post-8005","page","type-page","status-publish","hentry"],"_links":{"self":[{"href":"https:\/\/climats.mx\/en\/wp-json\/wp\/v2\/pages\/8005","targetHints":{"allow":["GET"]}}],"collection":[{"href":"https:\/\/climats.mx\/en\/wp-json\/wp\/v2\/pages"}],"about":[{"href":"https:\/\/climats.mx\/en\/wp-json\/wp\/v2\/types\/page"}],"author":[{"embeddable":true,"href":"https:\/\/climats.mx\/en\/wp-json\/wp\/v2\/users\/2"}],"replies":[{"embeddable":true,"href":"https:\/\/climats.mx\/en\/wp-json\/wp\/v2\/comments?post=8005"}],"version-history":[{"count":1,"href":"https:\/\/climats.mx\/en\/wp-json\/wp\/v2\/pages\/8005\/revisions"}],"predecessor-version":[{"id":8006,"href":"https:\/\/climats.mx\/en\/wp-json\/wp\/v2\/pages\/8005\/revisions\/8006"}],"up":[{"embeddable":true,"href":"https:\/\/climats.mx\/en\/wp-json\/wp\/v2\/pages\/6872"}],"wp:attachment":[{"href":"https:\/\/climats.mx\/en\/wp-json\/wp\/v2\/media?parent=8005"}],"curies":[{"name":"wp","href":"https:\/\/api.w.org\/{rel}","templated":true}]}}