{"id":6872,"date":"2023-09-12T01:39:09","date_gmt":"2023-09-12T07:39:09","guid":{"rendered":"https:\/\/climats.mx\/producers\/"},"modified":"2025-08-11T16:08:23","modified_gmt":"2025-08-11T22:08:23","slug":"producers","status":"publish","type":"page","link":"https:\/\/climats.mx\/en\/producers\/","title":{"rendered":"Producers"},"content":{"rendered":"\t\t<div data-elementor-type=\"wp-page\" data-elementor-id=\"6872\" class=\"elementor elementor-6872 elementor-25\" data-elementor-post-type=\"page\">\n\t\t\t\t\t\t<section class=\"elementor-section elementor-top-section elementor-element elementor-element-369d200 elementor-section-boxed elementor-section-height-default elementor-section-height-default\" data-id=\"369d200\" data-element_type=\"section\" data-settings=\"{&quot;background_background&quot;:&quot;classic&quot;}\">\n\t\t\t\t\t\t\t<div class=\"elementor-background-overlay\"><\/div>\n\t\t\t\t\t\t\t<div class=\"elementor-container elementor-column-gap-default\">\n\t\t\t\t\t<div class=\"elementor-column elementor-col-100 elementor-top-column elementor-element elementor-element-3d977de2\" data-id=\"3d977de2\" data-element_type=\"column\">\n\t\t\t<div class=\"elementor-widget-wrap elementor-element-populated\">\n\t\t\t\t\t\t<div class=\"elementor-element elementor-element-4551639d elementor-widget elementor-widget-heading\" data-id=\"4551639d\" data-element_type=\"widget\" data-widget_type=\"heading.default\">\n\t\t\t\t<div class=\"elementor-widget-container\">\n\t\t\t\t\t<h1 class=\"elementor-heading-title elementor-size-default\">Producers<\/h1>\t\t\t\t<\/div>\n\t\t\t\t<\/div>\n\t\t\t\t\t<\/div>\n\t\t<\/div>\n\t\t\t\t\t<\/div>\n\t\t<\/section>\n\t\t\t\t<section class=\"elementor-section elementor-top-section elementor-element elementor-element-b5643b4 elementor-section-boxed elementor-section-height-default elementor-section-height-default elementor-invisible\" data-id=\"b5643b4\" data-element_type=\"section\" data-settings=\"{&quot;animation&quot;:&quot;fadeInUp&quot;}\">\n\t\t\t\t\t\t<div class=\"elementor-container elementor-column-gap-custom\">\n\t\t\t\t\t<div class=\"elementor-column elementor-col-33 elementor-top-column elementor-element elementor-element-6e7277e\" data-id=\"6e7277e\" data-element_type=\"column\">\n\t\t\t<div class=\"elementor-widget-wrap elementor-element-populated\">\n\t\t\t\t\t\t<div class=\"elementor-element elementor-element-b334c60 elementor-widget elementor-widget-image\" data-id=\"b334c60\" data-element_type=\"widget\" data-widget_type=\"image.default\">\n\t\t\t\t<div class=\"elementor-widget-container\">\n\t\t\t\t\t\t\t\t\t\t\t\t\t\t\t<img fetchpriority=\"high\" decoding=\"async\" width=\"256\" height=\"256\" src=\"https:\/\/climats.mx\/wp-content\/uploads\/2023\/11\/alemania.webp\" class=\"attachment-medium size-medium wp-image-6341\" alt=\"\" srcset=\"https:\/\/climats.mx\/wp-content\/uploads\/2023\/11\/alemania.webp 256w, https:\/\/climats.mx\/wp-content\/uploads\/2023\/11\/alemania-150x150.webp 150w, https:\/\/climats.mx\/wp-content\/uploads\/2023\/11\/alemania-100x100.webp 100w\" sizes=\"(max-width: 256px) 100vw, 256px\" \/>\t\t\t\t\t\t\t\t\t\t\t\t\t\t\t<\/div>\n\t\t\t\t<\/div>\n\t\t\t\t<div class=\"elementor-element elementor-element-7fea2e2 elementor-widget elementor-widget-text-editor\" data-id=\"7fea2e2\" data-element_type=\"widget\" data-widget_type=\"text-editor.default\">\n\t\t\t\t<div class=\"elementor-widget-container\">\n\t\t\t\t\t\t\t\t\t<h6><span style=\"color: #421e1e;\">Germany<\/span><\/h6>\r\n<a href=\"https:\/\/climats.mx\/productores\/dr-burklin-wolf\/\">Dr. B\u00fcrklin-Wolf<\/a>\r\n<a href=\"https:\/\/climats.mx\/productores\/weingut-carl-loewen\/\">Weingut Carl Loewen<\/a>\r\n<a href=\"https:\/\/climats.mx\/productores\/weingut-kuhling-gillot\/\">Weingut K\u00fchling-Gillot<\/a>\r\n<a href=\"https:\/\/climats.mx\/productores\/weingut-stefan-muller\/\">Weingut Stefan M\u00fcller<\/a>\t\t\t\t\t\t\t\t<\/div>\n\t\t\t\t<\/div>\n\t\t\t\t<div class=\"elementor-element elementor-element-280ca93 elementor-widget-divider--view-line elementor-widget elementor-widget-divider\" data-id=\"280ca93\" data-element_type=\"widget\" data-widget_type=\"divider.default\">\n\t\t\t\t<div class=\"elementor-widget-container\">\n\t\t\t\t\t\t\t<div class=\"elementor-divider\">\n\t\t\t<span class=\"elementor-divider-separator\">\n\t\t\t\t\t\t<\/span>\n\t\t<\/div>\n\t\t\t\t\t\t<\/div>\n\t\t\t\t<\/div>\n\t\t\t\t<div class=\"elementor-element elementor-element-3296b4c elementor-widget elementor-widget-image\" data-id=\"3296b4c\" data-element_type=\"widget\" data-widget_type=\"image.default\">\n\t\t\t\t<div class=\"elementor-widget-container\">\n\t\t\t\t\t\t\t\t\t\t\t\t\t\t\t<img decoding=\"async\" width=\"256\" height=\"256\" src=\"https:\/\/climats.mx\/wp-content\/uploads\/2023\/11\/austria.webp\" class=\"attachment-medium size-medium wp-image-6343\" alt=\"\" srcset=\"https:\/\/climats.mx\/wp-content\/uploads\/2023\/11\/austria.webp 256w, https:\/\/climats.mx\/wp-content\/uploads\/2023\/11\/austria-150x150.webp 150w, https:\/\/climats.mx\/wp-content\/uploads\/2023\/11\/austria-100x100.webp 100w\" sizes=\"(max-width: 256px) 100vw, 256px\" \/>\t\t\t\t\t\t\t\t\t\t\t\t\t\t\t<\/div>\n\t\t\t\t<\/div>\n\t\t\t\t<div class=\"elementor-element elementor-element-afec982 elementor-widget elementor-widget-text-editor\" data-id=\"afec982\" data-element_type=\"widget\" data-widget_type=\"text-editor.default\">\n\t\t\t\t<div class=\"elementor-widget-container\">\n\t\t\t\t\t\t\t\t\t<h6><span style=\"color: #421e1e;\">Austria<\/span><\/h6>\r\n<a href=\"..\/productores\/pichler-krutzler\/\">Pichler-Krutzler<\/a>\r\n<a href=\"https:\/\/climats.mx\/productores\/weingut-brundlmayer\/\">Weingut Br\u00fcndlmayer<\/a>\r\n<a href=\"https:\/\/climats.mx\/productores\/weingut-jurtschitsch\/\">Weingut Jurtschitsch<\/a>\r\n<a href=\"https:\/\/climats.mx\/productores\/weingut-rainer-wess\/\">Weingut Rainer Wess<\/a>\t\t\t\t\t\t\t\t<\/div>\n\t\t\t\t<\/div>\n\t\t\t\t<div class=\"elementor-element elementor-element-72bed79 elementor-widget-divider--view-line elementor-widget elementor-widget-divider\" data-id=\"72bed79\" data-element_type=\"widget\" data-widget_type=\"divider.default\">\n\t\t\t\t<div class=\"elementor-widget-container\">\n\t\t\t\t\t\t\t<div class=\"elementor-divider\">\n\t\t\t<span class=\"elementor-divider-separator\">\n\t\t\t\t\t\t<\/span>\n\t\t<\/div>\n\t\t\t\t\t\t<\/div>\n\t\t\t\t<\/div>\n\t\t\t\t<div class=\"elementor-element elementor-element-681bb04 elementor-widget elementor-widget-image\" data-id=\"681bb04\" data-element_type=\"widget\" data-widget_type=\"image.default\">\n\t\t\t\t<div class=\"elementor-widget-container\">\n\t\t\t\t\t\t\t\t\t\t\t\t\t\t\t<img decoding=\"async\" width=\"256\" height=\"256\" src=\"https:\/\/climats.mx\/wp-content\/uploads\/2023\/11\/espana.webp\" class=\"attachment-medium size-medium wp-image-6345\" alt=\"\" srcset=\"https:\/\/climats.mx\/wp-content\/uploads\/2023\/11\/espana.webp 256w, https:\/\/climats.mx\/wp-content\/uploads\/2023\/11\/espana-150x150.webp 150w, https:\/\/climats.mx\/wp-content\/uploads\/2023\/11\/espana-100x100.webp 100w\" sizes=\"(max-width: 256px) 100vw, 256px\" \/>\t\t\t\t\t\t\t\t\t\t\t\t\t\t\t<\/div>\n\t\t\t\t<\/div>\n\t\t\t\t<div class=\"elementor-element elementor-element-4a602ed elementor-widget elementor-widget-text-editor\" data-id=\"4a602ed\" data-element_type=\"widget\" data-widget_type=\"text-editor.default\">\n\t\t\t\t<div class=\"elementor-widget-container\">\n\t\t\t\t\t\t\t\t\t<h6><span style=\"color: #421e1e;\">Espa\u00f1a<\/span><\/h6>\r\n<a href=\"https:\/\/climats.mx\/productores\/pares-balta\/\">Par\u00e9s Balt\u00e0<\/a>\t\t\t\t\t\t\t\t<\/div>\n\t\t\t\t<\/div>\n\t\t\t\t<div class=\"elementor-element elementor-element-1461536 elementor-widget-divider--view-line elementor-widget elementor-widget-divider\" data-id=\"1461536\" data-element_type=\"widget\" data-widget_type=\"divider.default\">\n\t\t\t\t<div class=\"elementor-widget-container\">\n\t\t\t\t\t\t\t<div class=\"elementor-divider\">\n\t\t\t<span class=\"elementor-divider-separator\">\n\t\t\t\t\t\t<\/span>\n\t\t<\/div>\n\t\t\t\t\t\t<\/div>\n\t\t\t\t<\/div>\n\t\t\t\t<div class=\"elementor-element elementor-element-45c746c elementor-widget elementor-widget-image\" data-id=\"45c746c\" data-element_type=\"widget\" data-widget_type=\"image.default\">\n\t\t\t\t<div class=\"elementor-widget-container\">\n\t\t\t\t\t\t\t\t\t\t\t\t\t\t\t<img loading=\"lazy\" decoding=\"async\" width=\"256\" height=\"256\" src=\"https:\/\/climats.mx\/wp-content\/uploads\/2023\/11\/estadosunidos.webp\" class=\"attachment-medium size-medium wp-image-6347\" alt=\"\" srcset=\"https:\/\/climats.mx\/wp-content\/uploads\/2023\/11\/estadosunidos.webp 256w, https:\/\/climats.mx\/wp-content\/uploads\/2023\/11\/estadosunidos-150x150.webp 150w, https:\/\/climats.mx\/wp-content\/uploads\/2023\/11\/estadosunidos-100x100.webp 100w\" sizes=\"(max-width: 256px) 100vw, 256px\" \/>\t\t\t\t\t\t\t\t\t\t\t\t\t\t\t<\/div>\n\t\t\t\t<\/div>\n\t\t\t\t<div class=\"elementor-element elementor-element-0d67143 elementor-widget elementor-widget-text-editor\" data-id=\"0d67143\" data-element_type=\"widget\" data-widget_type=\"text-editor.default\">\n\t\t\t\t<div class=\"elementor-widget-container\">\n\t\t\t\t\t\t\t\t\t<h6><span style=\"color: #421e1e;\">Estados Unidos<\/span><\/h6>\r\n<a href=\"https:\/\/climats.mx\/productores\/dalla-valle\/\">Dalla Valle<\/a>\r\n<a href=\"https:\/\/climats.mx\/productores\/dumol\/\">DuMol<\/a>\r\n<a href=\"https:\/\/climats.mx\/productores\/halcon-vineyards\/\">Halc\u00f3n Vineyards<\/a>\r\n<a href=\"https:\/\/climats.mx\/productores\/poe-wines\/\">Poe Wines<\/a>\r\n<a href=\"https:\/\/climats.mx\/productores\/rafael-et-fils\/\">Rafael et Fils<\/a>\r\n<a href=\"https:\/\/climats.mx\/productores\/the-hobo-wine-company\/\">The Hobo Wine Company<\/a>\r\n<a href=\"https:\/\/climats.mx\/productores\/tyler-winery\/\">Tyler Winery<\/a>\t\t\t\t\t\t\t\t<\/div>\n\t\t\t\t<\/div>\n\t\t\t\t<div class=\"elementor-element elementor-element-d03e1bc elementor-widget-divider--view-line elementor-widget elementor-widget-divider\" data-id=\"d03e1bc\" data-element_type=\"widget\" data-widget_type=\"divider.default\">\n\t\t\t\t<div class=\"elementor-widget-container\">\n\t\t\t\t\t\t\t<div class=\"elementor-divider\">\n\t\t\t<span class=\"elementor-divider-separator\">\n\t\t\t\t\t\t<\/span>\n\t\t<\/div>\n\t\t\t\t\t\t<\/div>\n\t\t\t\t<\/div>\n\t\t\t\t\t<\/div>\n\t\t<\/div>\n\t\t\t\t<div class=\"elementor-column elementor-col-33 elementor-top-column elementor-element elementor-element-4441995\" data-id=\"4441995\" data-element_type=\"column\">\n\t\t\t<div class=\"elementor-widget-wrap elementor-element-populated\">\n\t\t\t\t\t\t<div class=\"elementor-element elementor-element-2cc7d68 elementor-widget elementor-widget-image\" data-id=\"2cc7d68\" data-element_type=\"widget\" data-widget_type=\"image.default\">\n\t\t\t\t<div class=\"elementor-widget-container\">\n\t\t\t\t\t\t\t\t\t\t\t\t\t\t\t<img loading=\"lazy\" decoding=\"async\" width=\"256\" height=\"256\" src=\"https:\/\/climats.mx\/wp-content\/uploads\/2023\/11\/francia.webp\" class=\"attachment-medium size-medium wp-image-6349\" alt=\"\" srcset=\"https:\/\/climats.mx\/wp-content\/uploads\/2023\/11\/francia.webp 256w, https:\/\/climats.mx\/wp-content\/uploads\/2023\/11\/francia-150x150.webp 150w, https:\/\/climats.mx\/wp-content\/uploads\/2023\/11\/francia-100x100.webp 100w\" sizes=\"(max-width: 256px) 100vw, 256px\" \/>\t\t\t\t\t\t\t\t\t\t\t\t\t\t\t<\/div>\n\t\t\t\t<\/div>\n\t\t\t\t<div class=\"elementor-element elementor-element-17cde4b elementor-widget elementor-widget-text-editor\" data-id=\"17cde4b\" data-element_type=\"widget\" data-widget_type=\"text-editor.default\">\n\t\t\t\t<div class=\"elementor-widget-container\">\n\t\t\t\t\t\t\t\t\t<h6><span style=\"color: #421e1e;\">Francia<\/span><\/h6>\r\n<a href=\"https:\/\/climats.mx\/productores\/champagne-bernard-gonet\/\">Champagne Bernard Gonet<\/a>\r\n<a href=\"https:\/\/climats.mx\/productores\/champagne-j-lassalle\/\">Champagne J. Lassalle<\/a>\r\n<a href=\"https:\/\/climats.mx\/productores\/chateau-carbonnieux\/\">Ch\u00e2teau Carbonnieux<\/a>\r\n<a href=\"https:\/\/climats.mx\/productores\/chateau-de-fuisse\/\">Ch\u00e2teau de Fuiss\u00e9<\/a>\r\n<a href=\"https:\/\/climats.mx\/productores\/chateau-de-targe\/\">Ch\u00e2teau de Targ\u00e9<\/a>\r\n<a href=\"https:\/\/climats.mx\/productores\/chateau-la-pensee\/\">Ch\u00e2teau La Pens\u00e9e<\/a>\r\n<a href=\"https:\/\/climats.mx\/productores\/chateau-la-roque\/\">Ch\u00e2teau La Roque<\/a>\r\n<a href=\"https:\/\/climats.mx\/productores\/chateau-les-croisille\/\">Ch\u00e2teau Les Croisille<\/a>\r\n<a href=\"https:\/\/climats.mx\/productores\/chateau-martinat\/\">Ch\u00e2teau Martinat<\/a>\r\n<a href=\"https:\/\/climats.mx\/productores\/chateau-nenin\/\">Ch\u00e2teau N\u00e9nin<\/a>\r\n<a href=\"https:\/\/climats.mx\/productores\/chateau-pavie\/\">Ch\u00e2teau Pavie<\/a>\r\n<a href=\"https:\/\/climats.mx\/productores\/chateau-poujeaux\/\">Ch\u00e2teau Poujeaux<\/a>\r\n<a href=\"https:\/\/climats.mx\/productores\/clos-canareli\/\">Clos Canareli<\/a>\r\n<a href=\"https:\/\/climats.mx\/productores\/clos-cibonne\/\">Clos Cibonne<\/a>\r\n<a href=\"https:\/\/climats.mx\/productores\/clos-des-jacobins\/\">Clos des Jacobins<\/a>\r\n<a href=\"https:\/\/climats.mx\/productores\/clos-roussely\/\">Clos Roussely<\/a>\r\n<a href=\"https:\/\/climats.mx\/productores\/comte-abbatucci\/\">Comte Abbatucci<\/a>\r\n<a href=\"https:\/\/climats.mx\/productores\/domaine-alain-graillot\/\">Domaine Alain Graillot<\/a>\r\n<a href=\"https:\/\/climats.mx\/productores\/domaine-albert-mann\/\">Domaine Albert Mann<\/a>\r\n<a href=\"https:\/\/climats.mx\/productores\/domaine-bonnet-huteau\/\">Domaine Bonnet Huteau<\/a>\r\n<a href=\"https:\/\/climats.mx\/productores\/domaine-des-berthiers\/\">Domaine des Berthiers<\/a>\r\n<a href=\"https:\/\/climats.mx\/productores\/domaine-de-chevalier\/\">Domaine de Chevalier<\/a>\r\n<a href=\"https:\/\/climats.mx\/productores\/domaine-de-fa\/\">Domaine De Fa<\/a>\r\n<a href=\"https:\/\/climats.mx\/productores\/domaine-de-larlot\/\">Domaine de L\u2019Arlot<\/a>\r\n<a href=\"https:\/\/climats.mx\/productores\/domaine-delaporte\/\">Domaine Delaporte<\/a>\r\n<a href=\"https:\/\/climats.mx\/productores\/domaine-du-vieux-telegraphe-les-pallieres\/\">Domaine du Vieux T\u00e9l\u00e9graphe &amp; les Palli\u00e8res<\/a>\r\n<a href=\"https:\/\/climats.mx\/productores\/domaine-duseigneur\/\">Domaine Duseigneur<\/a>\r\n<a href=\"https:\/\/climats.mx\/productores\/domaine-francois-dallaines\/\">Domaine Fran\u00e7ois d\u2019Allaines<\/a>\r\n<a href=\"https:\/\/climats.mx\/productores\/domaine-henri-giraud\/\">Domaine Henri Giraud<\/a>\r\n<a href=\"https:\/\/climats.mx\/productores\/domaine-jean-paul-thevenet\/\">Domaine Jean-Paul Th\u00e9venet<\/a>\r\n<a href=\"https:\/\/climats.mx\/productores\/domaine-paul-prieur-fils\/\">Domaine Paul Prieur &amp; Fils<\/a>\r\n<a href=\"https:\/\/climats.mx\/en\/producers\/domaine-pinson\/\">Domaine Pinson<\/a>\r\n<a href=\"https:\/\/climats.mx\/productores\/domaine-robert-denogent\/\">Domaine Robert Denogent<\/a>\r\n<a href=\"https:\/\/climats.mx\/productores\/domaine-sant-armettu\/\">Domaine Sant Armettu<\/a>\r\n<a href=\"https:\/\/climats.mx\/productores\/domaine-tempier\/\">Domaine Tempier<\/a>\r\n<a href=\"https:\/\/climats.mx\/productores\/domaine-thibaud-boudignon\/\">Domaine Thibaud Boudignon<\/a>\r\n<a href=\"https:\/\/climats.mx\/productores\/domaine-turenne\/\">Domaine Turenne<\/a>\r\n<a href=\"https:\/\/climats.mx\/productores\/domaine-yves-cuilleron\/\">Domaine Yves Cuilleron<\/a>\r\n<a href=\"https:\/\/climats.mx\/productores\/jacky-blot\/\">Jacky Blot<\/a>\r\n<a href=\"https:\/\/climats.mx\/productores\/mas-amiel\/\">Mas Amiel<\/a>\t\t\t\t\t\t\t\t<\/div>\n\t\t\t\t<\/div>\n\t\t\t\t<div class=\"elementor-element elementor-element-f2a99bd elementor-widget-divider--view-line elementor-widget elementor-widget-divider\" data-id=\"f2a99bd\" data-element_type=\"widget\" data-widget_type=\"divider.default\">\n\t\t\t\t<div class=\"elementor-widget-container\">\n\t\t\t\t\t\t\t<div class=\"elementor-divider\">\n\t\t\t<span class=\"elementor-divider-separator\">\n\t\t\t\t\t\t<\/span>\n\t\t<\/div>\n\t\t\t\t\t\t<\/div>\n\t\t\t\t<\/div>\n\t\t\t\t\t<\/div>\n\t\t<\/div>\n\t\t\t\t<div class=\"elementor-column elementor-col-33 elementor-top-column elementor-element elementor-element-a280e42\" data-id=\"a280e42\" data-element_type=\"column\">\n\t\t\t<div class=\"elementor-widget-wrap elementor-element-populated\">\n\t\t\t\t\t\t<div class=\"elementor-element elementor-element-1ae29fd elementor-widget elementor-widget-image\" data-id=\"1ae29fd\" data-element_type=\"widget\" data-widget_type=\"image.default\">\n\t\t\t\t<div class=\"elementor-widget-container\">\n\t\t\t\t\t\t\t\t\t\t\t\t\t\t\t<img loading=\"lazy\" decoding=\"async\" width=\"256\" height=\"256\" src=\"https:\/\/climats.mx\/wp-content\/uploads\/2023\/11\/italia.webp\" class=\"attachment-medium size-medium wp-image-6351\" alt=\"\" srcset=\"https:\/\/climats.mx\/wp-content\/uploads\/2023\/11\/italia.webp 256w, https:\/\/climats.mx\/wp-content\/uploads\/2023\/11\/italia-150x150.webp 150w, https:\/\/climats.mx\/wp-content\/uploads\/2023\/11\/italia-100x100.webp 100w\" sizes=\"(max-width: 256px) 100vw, 256px\" \/>\t\t\t\t\t\t\t\t\t\t\t\t\t\t\t<\/div>\n\t\t\t\t<\/div>\n\t\t\t\t<div class=\"elementor-element elementor-element-b0f7676 elementor-widget elementor-widget-text-editor\" data-id=\"b0f7676\" data-element_type=\"widget\" data-widget_type=\"text-editor.default\">\n\t\t\t\t<div class=\"elementor-widget-container\">\n\t\t\t\t\t\t\t\t\t<h6><span style=\"color: #421e1e;\">Italia<\/span><\/h6>\r\n<a href=\"https:\/\/climats.mx\/en\/producers\/ca-la-bionda\/\">Ca la Bionda<\/a>\r\n<a href=\"https:\/\/climats.mx\/en\/producers\/castello-di-monsanto\/\">Castello di Monsanto<\/a>\r\n<a href=\"https:\/\/climats.mx\/productores\/chiara-condello\/\">Chiara Condello<\/a>\r\n<a href=\"https:\/\/climats.mx\/productores\/famiglia-losi\/\">Famiglia Losi<\/a>\r\n<a href=\"https:\/\/climats.mx\/productores\/fratelli-borgogno\/\">Fratelli Borgogno<\/a>\r\n<a href=\"https:\/\/climats.mx\/productores\/giacomo-fenocchio\/\">Giacomo Fenocchio<\/a>\r\n<a href=\"https:\/\/climats.mx\/productores\/giuseppe-cortese\/\">Giuseppe Cortese<\/a>\r\n<a href=\"https:\/\/climats.mx\/productores\/specogna\/\">Specogna<\/a>\r\n<a href=\"https:\/\/climats.mx\/productores\/tenuta-valdipiatta\/\">Tenuta Valdipiatta<\/a>\t\t\t\t\t\t\t\t<\/div>\n\t\t\t\t<\/div>\n\t\t\t\t<div class=\"elementor-element elementor-element-e61bd23 elementor-widget-divider--view-line elementor-widget elementor-widget-divider\" data-id=\"e61bd23\" data-element_type=\"widget\" data-widget_type=\"divider.default\">\n\t\t\t\t<div class=\"elementor-widget-container\">\n\t\t\t\t\t\t\t<div class=\"elementor-divider\">\n\t\t\t<span class=\"elementor-divider-separator\">\n\t\t\t\t\t\t<\/span>\n\t\t<\/div>\n\t\t\t\t\t\t<\/div>\n\t\t\t\t<\/div>\n\t\t\t\t<div class=\"elementor-element elementor-element-f57d2dd elementor-widget elementor-widget-image\" data-id=\"f57d2dd\" data-element_type=\"widget\" data-widget_type=\"image.default\">\n\t\t\t\t<div class=\"elementor-widget-container\">\n\t\t\t\t\t\t\t\t\t\t\t\t\t\t\t<img loading=\"lazy\" decoding=\"async\" width=\"256\" height=\"256\" src=\"https:\/\/climats.mx\/wp-content\/uploads\/2023\/11\/mexico.webp\" class=\"attachment-medium size-medium wp-image-6353\" alt=\"\" srcset=\"https:\/\/climats.mx\/wp-content\/uploads\/2023\/11\/mexico.webp 256w, https:\/\/climats.mx\/wp-content\/uploads\/2023\/11\/mexico-150x150.webp 150w, https:\/\/climats.mx\/wp-content\/uploads\/2023\/11\/mexico-100x100.webp 100w\" sizes=\"(max-width: 256px) 100vw, 256px\" \/>\t\t\t\t\t\t\t\t\t\t\t\t\t\t\t<\/div>\n\t\t\t\t<\/div>\n\t\t\t\t<div class=\"elementor-element elementor-element-486c294 elementor-widget elementor-widget-text-editor\" data-id=\"486c294\" data-element_type=\"widget\" data-widget_type=\"text-editor.default\">\n\t\t\t\t<div class=\"elementor-widget-container\">\n\t\t\t\t\t\t\t\t\t<h6><span style=\"color: #421e1e;\">M\u00e9xico<\/span><\/h6>\r\n<a href=\"https:\/\/climats.mx\/en\/producers\/bodegas-f-rubio\/\">Bodegas F. Rubio<\/a>\r\n<a href=\"https:\/\/climats.mx\/en\/producers\/cava-maciel\/\">Cava Maciel<\/a>\r\n<a href=\"https:\/\/climats.mx\/productores\/cuna-de-tierra\/\">Cuna de Tierra<\/a>\r\n<a href=\"https:\/\/climats.mx\/productores\/trevista\/\">Trevista<\/a>\r\n<a href=\"https:\/\/climats.mx\/productores\/kruger\/\">Vinos Kruger<\/a>\t\t\t\t\t\t\t\t<\/div>\n\t\t\t\t<\/div>\n\t\t\t\t<div class=\"elementor-element elementor-element-7b85944 elementor-widget-divider--view-line elementor-widget elementor-widget-divider\" data-id=\"7b85944\" data-element_type=\"widget\" data-widget_type=\"divider.default\">\n\t\t\t\t<div class=\"elementor-widget-container\">\n\t\t\t\t\t\t\t<div class=\"elementor-divider\">\n\t\t\t<span class=\"elementor-divider-separator\">\n\t\t\t\t\t\t<\/span>\n\t\t<\/div>\n\t\t\t\t\t\t<\/div>\n\t\t\t\t<\/div>\n\t\t\t\t<div class=\"elementor-element elementor-element-d489482 elementor-widget elementor-widget-image\" data-id=\"d489482\" data-element_type=\"widget\" data-widget_type=\"image.default\">\n\t\t\t\t<div class=\"elementor-widget-container\">\n\t\t\t\t\t\t\t\t\t\t\t\t\t\t\t<img loading=\"lazy\" decoding=\"async\" width=\"256\" height=\"256\" src=\"https:\/\/climats.mx\/wp-content\/uploads\/2025\/04\/opt_portugal.webp\" class=\"attachment-medium size-medium wp-image-10273\" alt=\"\" srcset=\"https:\/\/climats.mx\/wp-content\/uploads\/2025\/04\/opt_portugal.webp 256w, https:\/\/climats.mx\/wp-content\/uploads\/2025\/04\/opt_portugal-150x150.webp 150w, https:\/\/climats.mx\/wp-content\/uploads\/2025\/04\/opt_portugal-100x100.webp 100w\" sizes=\"(max-width: 256px) 100vw, 256px\" \/>\t\t\t\t\t\t\t\t\t\t\t\t\t\t\t<\/div>\n\t\t\t\t<\/div>\n\t\t\t\t<div class=\"elementor-element elementor-element-8ab2465 elementor-widget elementor-widget-text-editor\" data-id=\"8ab2465\" data-element_type=\"widget\" data-widget_type=\"text-editor.default\">\n\t\t\t\t<div class=\"elementor-widget-container\">\n\t\t\t\t\t\t\t\t\t<h6><span style=\"color: #421e1e;\">Portugal<\/span><\/h6><p><a href=\"https:\/\/climats.mx\/productores\/casa-da-pasarella\/\">Casa Da Pasarella<\/a><\/p>\t\t\t\t\t\t\t\t<\/div>\n\t\t\t\t<\/div>\n\t\t\t\t\t<\/div>\n\t\t<\/div>\n\t\t\t\t\t<\/div>\n\t\t<\/section>\n\t\t\t\t<\/div>\n\t\t","protected":false},"excerpt":{"rendered":"<p>Producers Germany Dr. B\u00fcrklin-Wolf Weingut Carl Loewen Weingut K\u00fchling-Gillot Weingut Stefan M\u00fcller Austria Pichler-Krutzler Weingut Br\u00fcndlmayer Weingut Jurtschitsch Weingut Rainer Wess Espa\u00f1a Par\u00e9s Balt\u00e0 Estados Unidos Dalla Valle DuMol Halc\u00f3n Vineyards Poe Wines Rafael et Fils The Hobo Wine Company Tyler Winery Francia Champagne Bernard Gonet Champagne J. Lassalle Ch\u00e2teau Carbonnieux Ch\u00e2teau de Fuiss\u00e9 Ch\u00e2teau [&hellip;]<\/p>\n","protected":false},"author":2,"featured_media":0,"parent":0,"menu_order":0,"comment_status":"closed","ping_status":"closed","template":"elementor_header_footer","meta":{"footnotes":""},"class_list":["post-6872","page","type-page","status-publish","hentry"],"_links":{"self":[{"href":"https:\/\/climats.mx\/en\/wp-json\/wp\/v2\/pages\/6872","targetHints":{"allow":["GET"]}}],"collection":[{"href":"https:\/\/climats.mx\/en\/wp-json\/wp\/v2\/pages"}],"about":[{"href":"https:\/\/climats.mx\/en\/wp-json\/wp\/v2\/types\/page"}],"author":[{"embeddable":true,"href":"https:\/\/climats.mx\/en\/wp-json\/wp\/v2\/users\/2"}],"replies":[{"embeddable":true,"href":"https:\/\/climats.mx\/en\/wp-json\/wp\/v2\/comments?post=6872"}],"version-history":[{"count":2,"href":"https:\/\/climats.mx\/en\/wp-json\/wp\/v2\/pages\/6872\/revisions"}],"predecessor-version":[{"id":12992,"href":"https:\/\/climats.mx\/en\/wp-json\/wp\/v2\/pages\/6872\/revisions\/12992"}],"wp:attachment":[{"href":"https:\/\/climats.mx\/en\/wp-json\/wp\/v2\/media?parent=6872"}],"curies":[{"name":"wp","href":"https:\/\/api.w.org\/{rel}","templated":true}]}}