{"id":447,"date":"2023-09-12T01:09:38","date_gmt":"2023-09-12T01:09:38","guid":{"rendered":"https:\/\/climats.mx\/cart\/"},"modified":"2024-01-02T10:58:37","modified_gmt":"2024-01-02T16:58:37","slug":"cart","status":"publish","type":"page","link":"https:\/\/climats.mx\/en\/cart\/","title":{"rendered":"Cart"},"content":{"rendered":"\t\t<div data-elementor-type=\"wp-page\" data-elementor-id=\"447\" class=\"elementor elementor-447 elementor-13\" data-elementor-post-type=\"page\">\n\t\t\t\t\t\t<section class=\"elementor-section elementor-top-section elementor-element elementor-element-04f9f2c elementor-section-boxed elementor-section-height-default elementor-section-height-default\" data-id=\"04f9f2c\" data-element_type=\"section\">\n\t\t\t\t\t\t<div class=\"elementor-container elementor-column-gap-default\">\n\t\t\t\t\t<div class=\"elementor-column elementor-col-100 elementor-top-column elementor-element elementor-element-750b506\" data-id=\"750b506\" data-element_type=\"column\">\n\t\t\t<div class=\"elementor-widget-wrap elementor-element-populated\">\n\t\t\t\t\t\t<div class=\"elementor-element elementor-element-fc0f9c8 elementor-widget elementor-widget-text-editor\" data-id=\"fc0f9c8\" data-element_type=\"widget\" data-widget_type=\"text-editor.default\">\n\t\t\t\t<div class=\"elementor-widget-container\">\n\t\t\t\t\t\t\t\t\t<h4>Cart<\/h4>\n\t\t\t\t\t\t\t\t<\/div>\n\t\t\t\t<\/div>\n\t\t\t\t\t<\/div>\n\t\t<\/div>\n\t\t\t\t\t<\/div>\n\t\t<\/section>\n\t\t\t\t<\/div>\n\t\t","protected":false},"excerpt":{"rendered":"<p>Cart Eliminar art\u00edculo Imagen en miniatura Producto Precio Cantidad Subtotal &times; Anjou &#36;1,250 Anjou&nbsp; cantidad &#36;1,250 Update Cart Apply Coupon Summary Subtotal &#36;1,250 Env\u00edo $0 en CDMX Enviar a watteau 13 Nonoalco, Benito Ju\u00e1rez, CDMX, Ciudad de M\u00e9xico, 01210. Cambiar direcci\u00f3n Pa\u00eds o regi\u00f3n: Selecciona un pa\u00eds\/regi\u00f3n&hellip;M\u00e9xico Regi\u00f3n \/ Provincia: Elige una opci\u00f3n&hellip;Ciudad de M\u00e9xicoJaliscoNuevo [&hellip;]<\/p>\n","protected":false},"author":2,"featured_media":0,"parent":0,"menu_order":0,"comment_status":"closed","ping_status":"closed","template":"","meta":{"footnotes":""},"class_list":["post-447","page","type-page","status-publish","hentry"],"_links":{"self":[{"href":"https:\/\/climats.mx\/en\/wp-json\/wp\/v2\/pages\/447","targetHints":{"allow":["GET"]}}],"collection":[{"href":"https:\/\/climats.mx\/en\/wp-json\/wp\/v2\/pages"}],"about":[{"href":"https:\/\/climats.mx\/en\/wp-json\/wp\/v2\/types\/page"}],"author":[{"embeddable":true,"href":"https:\/\/climats.mx\/en\/wp-json\/wp\/v2\/users\/2"}],"replies":[{"embeddable":true,"href":"https:\/\/climats.mx\/en\/wp-json\/wp\/v2\/comments?post=447"}],"version-history":[{"count":2,"href":"https:\/\/climats.mx\/en\/wp-json\/wp\/v2\/pages\/447\/revisions"}],"predecessor-version":[{"id":7848,"href":"https:\/\/climats.mx\/en\/wp-json\/wp\/v2\/pages\/447\/revisions\/7848"}],"wp:attachment":[{"href":"https:\/\/climats.mx\/en\/wp-json\/wp\/v2\/media?parent=447"}],"curies":[{"name":"wp","href":"https:\/\/api.w.org\/{rel}","templated":true}]}}